{"id":347,"date":"2025-12-25T22:21:08","date_gmt":"2025-12-25T22:21:08","guid":{"rendered":"https:\/\/nanu-x.de\/?page_id=347"},"modified":"2025-12-25T22:57:57","modified_gmt":"2025-12-25T22:57:57","slug":"impressum","status":"publish","type":"page","link":"https:\/\/nanu-x.de\/index.php\/impressum\/","title":{"rendered":"Impressum"},"content":{"rendered":"\n<p><\/p>\n\n\n\n<p>Oliver F\u00fcrst<br>Treten\u00e4cker 5<br>91096 M\u00f6hrendorf<\/p>\n\n\n\n<h2 class=\"wp-block-heading\">Kontakt<\/h2>\n\n\n\n<p>Telefon: +491734181448<br>E-Mail: nanu-x@outlook.de<\/p>\n\n\n\n<p>Quelle: <a href=\"https:\/\/www.e-recht24.de\">eRecht24<\/a><\/p>\n","protected":false},"excerpt":{"rendered":"<p>Oliver F\u00fcrstTreten\u00e4cker 591096 M\u00f6hrendorf Kontakt Telefon: +491734181448E-Mail: nanu-x@outlook.de Quelle: eRecht24<\/p>\n","protected":false},"author":1,"featured_media":0,"parent":0,"menu_order":0,"comment_status":"closed","ping_status":"closed","template":"","meta":{"footnotes":""},"class_list":["post-347","page","type-page","status-publish","hentry"],"_links":{"self":[{"href":"https:\/\/nanu-x.de\/index.php\/wp-json\/wp\/v2\/pages\/347","targetHints":{"allow":["GET"]}}],"collection":[{"href":"https:\/\/nanu-x.de\/index.php\/wp-json\/wp\/v2\/pages"}],"about":[{"href":"https:\/\/nanu-x.de\/index.php\/wp-json\/wp\/v2\/types\/page"}],"author":[{"embeddable":true,"href":"https:\/\/nanu-x.de\/index.php\/wp-json\/wp\/v2\/users\/1"}],"replies":[{"embeddable":true,"href":"https:\/\/nanu-x.de\/index.php\/wp-json\/wp\/v2\/comments?post=347"}],"version-history":[{"count":4,"href":"https:\/\/nanu-x.de\/index.php\/wp-json\/wp\/v2\/pages\/347\/revisions"}],"predecessor-version":[{"id":353,"href":"https:\/\/nanu-x.de\/index.php\/wp-json\/wp\/v2\/pages\/347\/revisions\/353"}],"wp:attachment":[{"href":"https:\/\/nanu-x.de\/index.php\/wp-json\/wp\/v2\/media?parent=347"}],"curies":[{"name":"wp","href":"https:\/\/api.w.org\/{rel}","templated":true}]}}