{"id":332,"date":"2025-12-25T18:07:16","date_gmt":"2025-12-25T18:07:16","guid":{"rendered":"https:\/\/nanu-x.de\/?page_id=332"},"modified":"2026-03-03T17:39:30","modified_gmt":"2026-03-03T16:39:30","slug":"zitate","status":"publish","type":"page","link":"https:\/\/nanu-x.de\/index.php\/zitate\/","title":{"rendered":"Zitate"},"content":{"rendered":"\n<figure class=\"wp-block-pullquote\"><blockquote><p>Planung ist das Erfassendes Zufalls durch den Irrtum<\/p><cite>Diller &#8211; FAU &#8211; Finanzwirtschaft<\/cite><\/blockquote><\/figure>\n\n\n\n<figure class=\"wp-block-pullquote\"><blockquote><p>Der Wind der einem ins Gesicht weht macht alt und wei\u00dfe<\/p><\/blockquote><\/figure>\n\n\n\n<figure class=\"wp-block-pullquote\"><blockquote><p>St\u00e4ndige Lage\u00e4nderungen bestimmen das Gefechtsfeld<\/p><\/blockquote><\/figure>\n\n\n\n<figure class=\"wp-block-pullquote\"><blockquote><p>Lieber im Hafen stehen uns sich auf die See w\u00fcnschen, als auf der See zu stehen und sich in den Hafen zu w\u00fcnschen.<\/p><cite>Richter &#8211; DMYV<\/cite><\/blockquote><\/figure>\n\n\n\n<figure class=\"wp-block-pullquote\"><blockquote><p>Der k\u00fcrzeste Weg zum Land f\u00fchrt meistens senkrecht unter das Boot.<\/p><\/blockquote><\/figure>\n\n\n\n<figure class=\"wp-block-pullquote\"><blockquote><p>Die See pr\u00fcft nach.<\/p><\/blockquote><\/figure>\n\n\n\n<figure class=\"wp-block-pullquote\"><blockquote><p>Gott verzeiht &#8211; die See nicht<\/p><\/blockquote><\/figure>\n","protected":false},"excerpt":{"rendered":"<p>Planung ist das Erfassendes Zufalls durch den Irrtum Diller &#8211; FAU &#8211; Finanzwirtschaft Der Wind der einem ins Gesicht weht macht alt und wei\u00dfe St\u00e4ndige Lage\u00e4nderungen bestimmen das Gefechtsfeld Lieber im Hafen stehen uns sich auf die See w\u00fcnschen, als auf der See zu stehen und sich in den Hafen zu w\u00fcnschen. Richter &#8211; DMYV [&hellip;]<\/p>\n","protected":false},"author":1,"featured_media":0,"parent":0,"menu_order":0,"comment_status":"closed","ping_status":"closed","template":"","meta":{"footnotes":""},"class_list":["post-332","page","type-page","status-publish","hentry"],"_links":{"self":[{"href":"https:\/\/nanu-x.de\/index.php\/wp-json\/wp\/v2\/pages\/332","targetHints":{"allow":["GET"]}}],"collection":[{"href":"https:\/\/nanu-x.de\/index.php\/wp-json\/wp\/v2\/pages"}],"about":[{"href":"https:\/\/nanu-x.de\/index.php\/wp-json\/wp\/v2\/types\/page"}],"author":[{"embeddable":true,"href":"https:\/\/nanu-x.de\/index.php\/wp-json\/wp\/v2\/users\/1"}],"replies":[{"embeddable":true,"href":"https:\/\/nanu-x.de\/index.php\/wp-json\/wp\/v2\/comments?post=332"}],"version-history":[{"count":7,"href":"https:\/\/nanu-x.de\/index.php\/wp-json\/wp\/v2\/pages\/332\/revisions"}],"predecessor-version":[{"id":435,"href":"https:\/\/nanu-x.de\/index.php\/wp-json\/wp\/v2\/pages\/332\/revisions\/435"}],"wp:attachment":[{"href":"https:\/\/nanu-x.de\/index.php\/wp-json\/wp\/v2\/media?parent=332"}],"curies":[{"name":"wp","href":"https:\/\/api.w.org\/{rel}","templated":true}]}}